{"id":10898,"date":"2021-11-04T14:28:40","date_gmt":"2021-11-04T19:28:40","guid":{"rendered":"http:\/\/172.20.3.30\/?page_id=10898"},"modified":"2022-02-03T12:48:06","modified_gmt":"2022-02-03T17:48:06","slug":"encuestarespondida","status":"publish","type":"page","link":"https:\/\/cepilloselcastor.com\/en\/encuestarespondida\/","title":{"rendered":"Encuesta Respondida"},"content":{"rendered":"<div data-elementor-type=\"wp-page\" data-elementor-id=\"10898\" class=\"elementor elementor-10898\">\n\t\t\t\t\t\t<section class=\"elementor-section elementor-top-section elementor-element elementor-element-bdcf1f7 elementor-section-boxed elementor-section-height-default elementor-section-height-default\" data-id=\"bdcf1f7\" data-element_type=\"section\">\n\t\t\t\t\t\t<div class=\"elementor-container elementor-column-gap-default\">\n\t\t\t\t\t<div class=\"elementor-column elementor-col-100 elementor-top-column elementor-element elementor-element-428b006\" data-id=\"428b006\" data-element_type=\"column\">\n\t\t\t<div class=\"elementor-widget-wrap elementor-element-populated\">\n\t\t\t\t\t\t<div class=\"elementor-element elementor-element-c2003c0 elementor-widget elementor-widget-spacer\" data-id=\"c2003c0\" data-element_type=\"widget\" data-widget_type=\"spacer.default\">\n\t\t\t\t<div class=\"elementor-widget-container\">\n\t\t\t\t\t<div class=\"elementor-spacer\">\n\t\t\t<div class=\"elementor-spacer-inner\"><\/div>\n\t\t<\/div>\n\t\t\t\t<\/div>\n\t\t\t\t<\/div>\n\t\t\t\t<div class=\"elementor-element elementor-element-3518bfe elementor-widget elementor-widget-image\" data-id=\"3518bfe\" data-element_type=\"widget\" data-widget_type=\"image.default\">\n\t\t\t\t<div class=\"elementor-widget-container\">\n\t\t\t\t\t\t\t\t\t\t\t\t\t<img fetchpriority=\"high\" decoding=\"async\" width=\"358\" height=\"234\" src=\"https:\/\/cepilloselcastor.com\/wp-content\/uploads\/Imagenes_general\/Rastrear\/HiginioBg-e1600353330761.png\" class=\"attachment-large size-large wp-image-5528\" alt=\"\" srcset=\"https:\/\/cepilloselcastor.com\/wp-content\/uploads\/Imagenes_general\/Rastrear\/HiginioBg-e1600353330761.png 358w, https:\/\/cepilloselcastor.com\/wp-content\/uploads\/Imagenes_general\/Rastrear\/HiginioBg-e1600353330761-265x173.png 265w, https:\/\/cepilloselcastor.com\/wp-content\/uploads\/Imagenes_general\/Rastrear\/HiginioBg-e1600353330761-300x196.png 300w\" sizes=\"(max-width: 358px) 100vw, 358px\" \/>\t\t\t\t\t\t\t\t\t\t\t\t\t<\/div>\n\t\t\t\t<\/div>\n\t\t\t\t<div class=\"elementor-element elementor-element-6b00f28 elementor-widget elementor-widget-spacer\" data-id=\"6b00f28\" data-element_type=\"widget\" data-widget_type=\"spacer.default\">\n\t\t\t\t<div class=\"elementor-widget-container\">\n\t\t\t\t\t<div class=\"elementor-spacer\">\n\t\t\t<div class=\"elementor-spacer-inner\"><\/div>\n\t\t<\/div>\n\t\t\t\t<\/div>\n\t\t\t\t<\/div>\n\t\t\t\t<div class=\"elementor-element elementor-element-4c60887 elementor-widget elementor-widget-heading\" data-id=\"4c60887\" data-element_type=\"widget\" data-widget_type=\"heading.default\">\n\t\t\t\t<div class=\"elementor-widget-container\">\n\t\t\t<h2 class=\"elementor-heading-title elementor-size-default\">GRACIAS POR SUS RESPUESTAS<\/h2>\t\t<\/div>\n\t\t\t\t<\/div>\n\t\t\t\t<div class=\"elementor-element elementor-element-5b2cca0 elementor-widget elementor-widget-text-editor\" data-id=\"5b2cca0\" data-element_type=\"widget\" data-widget_type=\"text-editor.default\">\n\t\t\t\t<div class=\"elementor-widget-container\">\n\t\t\t\t\t\t\t<p style=\"text-align: justify;\">Uno de los principales objetivos de nuestra compa\u00f1\u00eda es el de\nofrecer siempre la m\u00e1xima calidad de servicio a nuestros clientes y que se\nencuentren satisfechos de habernos elegido. Somos conscientes de que s\u00f3lo es\nposible lograr el \u00e9xito empresarial ofreciendo un trato excelente y una\nrelaci\u00f3n calidad \/ precio inmejorable.<\/p>\n<p style=\"text-align: justify;\">Sabemos lo valioso de su tiempo, y estamos muy agradecidos\u00a0 por dedicar parte de el mismo a completar la encuesta.<\/p>\t\t\t\t\t\t<\/div>\n\t\t\t\t<\/div>\n\t\t\t\t<div class=\"elementor-element elementor-element-4f541a0 elementor-widget elementor-widget-spacer\" data-id=\"4f541a0\" data-element_type=\"widget\" data-widget_type=\"spacer.default\">\n\t\t\t\t<div class=\"elementor-widget-container\">\n\t\t\t\t\t<div class=\"elementor-spacer\">\n\t\t\t<div class=\"elementor-spacer-inner\"><\/div>\n\t\t<\/div>\n\t\t\t\t<\/div>\n\t\t\t\t<\/div>\n\t\t\t\t\t<\/div>\n\t\t<\/div>\n\t\t\t\t\t<\/div>\n\t\t<\/section>\n\t\t\t\t<\/div>","protected":false},"excerpt":{"rendered":"<p>GRACIAS POR SUS RESPUESTAS Uno de los principales objetivos de nuestra compa\u00f1\u00eda es el de ofrecer siempre la m\u00e1xima calidad de servicio a nuestros clientes y que se encuentren satisfechos de habernos elegido. Somos conscientes de que s\u00f3lo es posible lograr el \u00e9xito empresarial ofreciendo un trato excelente y una relaci\u00f3n calidad \/ precio inmejorable. [&hellip;]<\/p>","protected":false},"author":2,"featured_media":0,"parent":0,"menu_order":0,"comment_status":"closed","ping_status":"closed","template":"","meta":{"site-sidebar-layout":"no-sidebar","site-content-layout":"page-builder","ast-site-content-layout":"","site-content-style":"default","site-sidebar-style":"default","ast-global-header-display":"","ast-banner-title-visibility":"","ast-main-header-display":"","ast-hfb-above-header-display":"","ast-hfb-below-header-display":"","ast-hfb-mobile-header-display":"","site-post-title":"disabled","ast-breadcrumbs-content":"","ast-featured-img":"disabled","footer-sml-layout":"","theme-transparent-header-meta":"","adv-header-id-meta":"","stick-header-meta":"","header-above-stick-meta":"","header-main-stick-meta":"","header-below-stick-meta":"","astra-migrate-meta-layouts":"default","ast-page-background-enabled":"default","ast-page-background-meta":{"desktop":{"background-color":"","background-image":"","background-repeat":"repeat","background-position":"center center","background-size":"auto","background-attachment":"scroll","background-type":"","background-media":"","overlay-type":"","overlay-color":"","overlay-opacity":"","overlay-gradient":""},"tablet":{"background-color":"","background-image":"","background-repeat":"repeat","background-position":"center center","background-size":"auto","background-attachment":"scroll","background-type":"","background-media":"","overlay-type":"","overlay-color":"","overlay-opacity":"","overlay-gradient":""},"mobile":{"background-color":"","background-image":"","background-repeat":"repeat","background-position":"center center","background-size":"auto","background-attachment":"scroll","background-type":"","background-media":"","overlay-type":"","overlay-color":"","overlay-opacity":"","overlay-gradient":""}},"ast-content-background-meta":{"desktop":{"background-color":"var(--ast-global-color-5)","background-image":"","background-repeat":"repeat","background-position":"center center","background-size":"auto","background-attachment":"scroll","background-type":"","background-media":"","overlay-type":"","overlay-color":"","overlay-opacity":"","overlay-gradient":""},"tablet":{"background-color":"var(--ast-global-color-5)","background-image":"","background-repeat":"repeat","background-position":"center center","background-size":"auto","background-attachment":"scroll","background-type":"","background-media":"","overlay-type":"","overlay-color":"","overlay-opacity":"","overlay-gradient":""},"mobile":{"background-color":"var(--ast-global-color-5)","background-image":"","background-repeat":"repeat","background-position":"center center","background-size":"auto","background-attachment":"scroll","background-type":"","background-media":"","overlay-type":"","overlay-color":"","overlay-opacity":"","overlay-gradient":""}},"footnotes":""},"class_list":["post-10898","page","type-page","status-publish","hentry"],"_links":{"self":[{"href":"https:\/\/cepilloselcastor.com\/en\/wp-json\/wp\/v2\/pages\/10898"}],"collection":[{"href":"https:\/\/cepilloselcastor.com\/en\/wp-json\/wp\/v2\/pages"}],"about":[{"href":"https:\/\/cepilloselcastor.com\/en\/wp-json\/wp\/v2\/types\/page"}],"author":[{"embeddable":true,"href":"https:\/\/cepilloselcastor.com\/en\/wp-json\/wp\/v2\/users\/2"}],"replies":[{"embeddable":true,"href":"https:\/\/cepilloselcastor.com\/en\/wp-json\/wp\/v2\/comments?post=10898"}],"version-history":[{"count":58,"href":"https:\/\/cepilloselcastor.com\/en\/wp-json\/wp\/v2\/pages\/10898\/revisions"}],"predecessor-version":[{"id":12123,"href":"https:\/\/cepilloselcastor.com\/en\/wp-json\/wp\/v2\/pages\/10898\/revisions\/12123"}],"wp:attachment":[{"href":"https:\/\/cepilloselcastor.com\/en\/wp-json\/wp\/v2\/media?parent=10898"}],"curies":[{"name":"wp","href":"https:\/\/api.w.org\/{rel}","templated":true}]}}