{"id":1091,"date":"2019-08-30T13:43:50","date_gmt":"2019-08-30T13:43:50","guid":{"rendered":"http:\/\/172.20.3.30\/?page_id=1091"},"modified":"2025-07-15T15:24:43","modified_gmt":"2025-07-15T20:24:43","slug":"descargas","status":"publish","type":"page","link":"https:\/\/cepilloselcastor.com\/en\/descargas\/","title":{"rendered":"See Catalog"},"content":{"rendered":"<div data-elementor-type=\"wp-post\" data-elementor-id=\"1091\" class=\"elementor elementor-1091\">\n\t\t\t\t\t\t<section class=\"elementor-section elementor-top-section elementor-element elementor-element-9907f2f elementor-section-boxed elementor-section-height-default elementor-section-height-default\" data-id=\"9907f2f\" data-element_type=\"section\">\n\t\t\t\t\t\t<div class=\"elementor-container elementor-column-gap-default\">\n\t\t\t\t\t<div class=\"elementor-column elementor-col-100 elementor-top-column elementor-element elementor-element-621a614\" data-id=\"621a614\" data-element_type=\"column\">\n\t\t\t<div class=\"elementor-widget-wrap elementor-element-populated\">\n\t\t\t\t\t\t<div class=\"elementor-element elementor-element-e79c39b elementor-widget elementor-widget-heading\" data-id=\"e79c39b\" data-element_type=\"widget\" data-widget_type=\"heading.default\">\n\t\t\t\t<div class=\"elementor-widget-container\">\n\t\t\t<h2 class=\"elementor-heading-title elementor-size-default\">PRODUCT CATALOG<\/h2>\t\t<\/div>\n\t\t\t\t<\/div>\n\t\t\t\t<div class=\"elementor-element elementor-element-f5bcf14 elementor-widget elementor-widget-text-editor\" data-id=\"f5bcf14\" data-element_type=\"widget\" data-widget_type=\"text-editor.default\">\n\t\t\t\t<div class=\"elementor-widget-container\">\n\t\t\t\t\t\t\t<p style=\"text-align: center;\">Line of specialized tools for professional and industrial cleaning.<\/p>\t\t\t\t\t\t<\/div>\n\t\t\t\t<\/div>\n\t\t\t\t\t<\/div>\n\t\t<\/div>\n\t\t\t\t\t<\/div>\n\t\t<\/section>\n\t\t\t\t<section class=\"elementor-section elementor-top-section elementor-element elementor-element-00e0acb elementor-section-boxed elementor-section-height-default elementor-section-height-default\" data-id=\"00e0acb\" data-element_type=\"section\">\n\t\t\t\t\t\t<div class=\"elementor-container elementor-column-gap-default\">\n\t\t\t\t\t<div class=\"elementor-column elementor-col-100 elementor-top-column elementor-element elementor-element-450c551\" data-id=\"450c551\" data-element_type=\"column\">\n\t\t\t<div class=\"elementor-widget-wrap elementor-element-populated\">\n\t\t\t\t\t\t<div class=\"elementor-element elementor-element-a116229 elementor-align-center elementor-widget elementor-widget-button\" data-id=\"a116229\" data-element_type=\"widget\" data-widget_type=\"button.default\">\n\t\t\t\t<div class=\"elementor-widget-container\">\n\t\t\t\t\t<div class=\"elementor-button-wrapper\">\n\t\t\t<a class=\"elementor-button elementor-button-link elementor-size-sm\" href=\"\/wp-content\/uploads\/2025\/07\/CataCastor2025.pdf\" target=\"_blank\">\n\t\t\t\t\t\t<span class=\"elementor-button-content-wrapper\">\n\t\t\t\t\t\t\t\t\t<span class=\"elementor-button-text\">See Catalog<\/span>\n\t\t\t\t\t<\/span>\n\t\t\t\t\t<\/a>\n\t\t<\/div>\n\t\t\t\t<\/div>\n\t\t\t\t<\/div>\n\t\t\t\t<div class=\"elementor-element elementor-element-5807b6d elementor-widget elementor-widget-image\" data-id=\"5807b6d\" data-element_type=\"widget\" data-widget_type=\"image.default\">\n\t\t\t\t<div class=\"elementor-widget-container\">\n\t\t\t\t\t\t\t\t\t\t\t\t\t\t<a href=\"\/wp-content\/uploads\/2025\/07\/cepillos-1-scaled.jpg\" target=\"_blank\">\n\t\t\t\t\t\t\t<img fetchpriority=\"high\" decoding=\"async\" width=\"750\" height=\"500\" src=\"https:\/\/cepilloselcastor.com\/wp-content\/uploads\/2025\/07\/cepillos-1-750x500.jpg\" class=\"attachment-large size-large wp-image-16805\" alt=\"\" srcset=\"https:\/\/cepilloselcastor.com\/wp-content\/uploads\/2025\/07\/cepillos-1-750x500.jpg 750w, https:\/\/cepilloselcastor.com\/wp-content\/uploads\/2025\/07\/cepillos-1-300x200.jpg 300w, https:\/\/cepilloselcastor.com\/wp-content\/uploads\/2025\/07\/cepillos-1-768x512.jpg 768w, https:\/\/cepilloselcastor.com\/wp-content\/uploads\/2025\/07\/cepillos-1-1536x1024.jpg 1536w, https:\/\/cepilloselcastor.com\/wp-content\/uploads\/2025\/07\/cepillos-1-2048x1365.jpg 2048w, https:\/\/cepilloselcastor.com\/wp-content\/uploads\/2025\/07\/cepillos-1-18x12.jpg 18w, https:\/\/cepilloselcastor.com\/wp-content\/uploads\/2025\/07\/cepillos-1-265x177.jpg 265w, https:\/\/cepilloselcastor.com\/wp-content\/uploads\/2025\/07\/cepillos-1-504x336.jpg 504w\" sizes=\"(max-width: 750px) 100vw, 750px\" \/>\t\t\t\t\t\t\t\t<\/a>\n\t\t\t\t\t\t\t\t\t\t\t\t\t<\/div>\n\t\t\t\t<\/div>\n\t\t\t\t\t<\/div>\n\t\t<\/div>\n\t\t\t\t\t<\/div>\n\t\t<\/section>\n\t\t\t\t<\/div>","protected":false},"excerpt":{"rendered":"<p>CAT\u00c1LOGO DE PRODUCTOS L\u00ednea de herramientas especializadas para limpieza profesional e industrial. Ver Cat\u00e1logo<\/p>","protected":false},"author":2,"featured_media":0,"parent":0,"menu_order":0,"comment_status":"closed","ping_status":"closed","template":"","meta":{"site-sidebar-layout":"default","site-content-layout":"default","ast-site-content-layout":"","site-content-style":"default","site-sidebar-style":"default","ast-global-header-display":"","ast-banner-title-visibility":"","ast-main-header-display":"","ast-hfb-above-header-display":"","ast-hfb-below-header-display":"","ast-hfb-mobile-header-display":"","site-post-title":"","ast-breadcrumbs-content":"","ast-featured-img":"","footer-sml-layout":"","theme-transparent-header-meta":"default","adv-header-id-meta":"","stick-header-meta":"","header-above-stick-meta":"","header-main-stick-meta":"","header-below-stick-meta":"","astra-migrate-meta-layouts":"default","ast-page-background-enabled":"default","ast-page-background-meta":{"desktop":{"background-color":"","background-image":"","background-repeat":"repeat","background-position":"center center","background-size":"auto","background-attachment":"scroll","background-type":"","background-media":"","overlay-type":"","overlay-color":"","overlay-opacity":"","overlay-gradient":""},"tablet":{"background-color":"","background-image":"","background-repeat":"repeat","background-position":"center center","background-size":"auto","background-attachment":"scroll","background-type":"","background-media":"","overlay-type":"","overlay-color":"","overlay-opacity":"","overlay-gradient":""},"mobile":{"background-color":"","background-image":"","background-repeat":"repeat","background-position":"center center","background-size":"auto","background-attachment":"scroll","background-type":"","background-media":"","overlay-type":"","overlay-color":"","overlay-opacity":"","overlay-gradient":""}},"ast-content-background-meta":{"desktop":{"background-color":"var(--ast-global-color-5)","background-image":"","background-repeat":"repeat","background-position":"center center","background-size":"auto","background-attachment":"scroll","background-type":"","background-media":"","overlay-type":"","overlay-color":"","overlay-opacity":"","overlay-gradient":""},"tablet":{"background-color":"var(--ast-global-color-5)","background-image":"","background-repeat":"repeat","background-position":"center center","background-size":"auto","background-attachment":"scroll","background-type":"","background-media":"","overlay-type":"","overlay-color":"","overlay-opacity":"","overlay-gradient":""},"mobile":{"background-color":"var(--ast-global-color-5)","background-image":"","background-repeat":"repeat","background-position":"center center","background-size":"auto","background-attachment":"scroll","background-type":"","background-media":"","overlay-type":"","overlay-color":"","overlay-opacity":"","overlay-gradient":""}},"footnotes":""},"class_list":["post-1091","page","type-page","status-publish","hentry"],"_links":{"self":[{"href":"https:\/\/cepilloselcastor.com\/en\/wp-json\/wp\/v2\/pages\/1091"}],"collection":[{"href":"https:\/\/cepilloselcastor.com\/en\/wp-json\/wp\/v2\/pages"}],"about":[{"href":"https:\/\/cepilloselcastor.com\/en\/wp-json\/wp\/v2\/types\/page"}],"author":[{"embeddable":true,"href":"https:\/\/cepilloselcastor.com\/en\/wp-json\/wp\/v2\/users\/2"}],"replies":[{"embeddable":true,"href":"https:\/\/cepilloselcastor.com\/en\/wp-json\/wp\/v2\/comments?post=1091"}],"version-history":[{"count":109,"href":"https:\/\/cepilloselcastor.com\/en\/wp-json\/wp\/v2\/pages\/1091\/revisions"}],"predecessor-version":[{"id":16820,"href":"https:\/\/cepilloselcastor.com\/en\/wp-json\/wp\/v2\/pages\/1091\/revisions\/16820"}],"wp:attachment":[{"href":"https:\/\/cepilloselcastor.com\/en\/wp-json\/wp\/v2\/media?parent=1091"}],"curies":[{"name":"wp","href":"https:\/\/api.w.org\/{rel}","templated":true}]}}