{"id":2019,"date":"2019-10-30T21:57:35","date_gmt":"2019-10-30T21:57:35","guid":{"rendered":"http:\/\/172.20.3.30\/?page_id=2019"},"modified":"2022-05-18T09:40:45","modified_gmt":"2022-05-18T14:40:45","slug":"codificacion-por-areas-cpa","status":"publish","type":"page","link":"https:\/\/cepilloselcastor.com\/en\/codificacion-por-areas-cpa\/","title":{"rendered":"Area Coding"},"content":{"rendered":"<div data-elementor-type=\"wp-page\" data-elementor-id=\"2019\" class=\"elementor elementor-2019\">\n\t\t\t\t\t\t<section class=\"elementor-section elementor-top-section elementor-element elementor-element-dda223c elementor-section-height-min-height elementor-section-boxed elementor-section-height-default elementor-section-items-middle\" data-id=\"dda223c\" data-element_type=\"section\" data-settings=\"{&quot;background_background&quot;:&quot;classic&quot;}\">\n\t\t\t\t\t\t<div class=\"elementor-container elementor-column-gap-default\">\n\t\t\t\t\t<div class=\"elementor-column elementor-col-50 elementor-top-column elementor-element elementor-element-9648acc\" data-id=\"9648acc\" data-element_type=\"column\">\n\t\t\t<div class=\"elementor-widget-wrap elementor-element-populated\">\n\t\t\t\t\t\t<div class=\"elementor-element elementor-element-07d1299 elementor-widget elementor-widget-heading\" data-id=\"07d1299\" data-element_type=\"widget\" data-widget_type=\"heading.default\">\n\t\t\t\t<div class=\"elementor-widget-container\">\n\t\t\t<h1 class=\"elementor-heading-title elementor-size-default\">AREA-CODED CLEANING TOOLS<\/h1>\t\t<\/div>\n\t\t\t\t<\/div>\n\t\t\t\t\t<\/div>\n\t\t<\/div>\n\t\t\t\t<div class=\"elementor-column elementor-col-50 elementor-top-column elementor-element elementor-element-c810465\" data-id=\"c810465\" data-element_type=\"column\">\n\t\t\t<div class=\"elementor-widget-wrap\">\n\t\t\t\t\t\t\t<\/div>\n\t\t<\/div>\n\t\t\t\t\t<\/div>\n\t\t<\/section>\n\t\t\t\t<section class=\"elementor-section elementor-top-section elementor-element elementor-element-89f9705 elementor-section-boxed elementor-section-height-default elementor-section-height-default\" data-id=\"89f9705\" data-element_type=\"section\">\n\t\t\t\t\t\t<div class=\"elementor-container elementor-column-gap-default\">\n\t\t\t\t\t<div class=\"elementor-column elementor-col-50 elementor-top-column elementor-element elementor-element-d5343e8\" data-id=\"d5343e8\" data-element_type=\"column\">\n\t\t\t<div class=\"elementor-widget-wrap elementor-element-populated\">\n\t\t\t\t\t\t<div class=\"elementor-element elementor-element-2d4d8a5 elementor-widget elementor-widget-text-editor\" data-id=\"2d4d8a5\" data-element_type=\"widget\" data-widget_type=\"text-editor.default\">\n\t\t\t\t<div class=\"elementor-widget-container\">\n\t\t\t\t\t\t\t<div align=\"left\">\n<p class=\"style25mop\" align=\"justify\"><strong>HIGH-GRADE HYGIENE.<\/strong><\/p>\n<p class=\"style25mop\" style=\"text-align: justify;\" align=\"justify\">The <strong>encoding<\/strong> by<strong> areas <\/strong>is a <em>a widely used system<\/em> en <strong>United States of America<\/strong> and<strong> Europe<\/strong> designating certain tools and cleaning processes with <em>consistent color scheme,<\/em>separating equipment, materials and methods to<em><strong> prevent contamination <\/strong><\/em>and cross <strong><em>infection<\/em><\/strong> in any area or workplace.<\/p>\n<p class=\"style25mop translation-block\" style=\"text-align: justify;\" align=\"left\">Our brushes with<strong> PBT bristles <\/strong>can be used at <em>high temperatures<\/em>, making them ideal for use in the food industry. They do not release substances.<\/p>\n<p class=\"style25mop\" style=\"text-align: justify;\" align=\"justify\">Manufactured with materials that meet all the requirements for <em><strong>safe food contact<\/strong><\/em>: PBT fibers attached to the block with stainless steel staples that prevent corrosion.<\/p>\n<p class=\"style25mop\" style=\"text-align: justify;\" align=\"justify\">Recommended for industrial use.<\/p>\n<p class=\"style25mop\" align=\"justify\"><\/p>\n\n<\/div>\t\t\t\t\t\t<\/div>\n\t\t\t\t<\/div>\n\t\t\t\t\t<\/div>\n\t\t<\/div>\n\t\t\t\t<div class=\"elementor-column elementor-col-50 elementor-top-column elementor-element elementor-element-822e112\" data-id=\"822e112\" data-element_type=\"column\">\n\t\t\t<div class=\"elementor-widget-wrap elementor-element-populated\">\n\t\t\t\t\t\t<div class=\"elementor-element elementor-element-e7ee35d elementor-widget elementor-widget-text-editor\" data-id=\"e7ee35d\" data-element_type=\"widget\" data-widget_type=\"text-editor.default\">\n\t\t\t\t<div class=\"elementor-widget-container\">\n\t\t\t\t\t\t\t<div align=\"left\">\n<p class=\"style25mop\" style=\"margin-right: 50px;\" align=\"left\"><img decoding=\"async\" class=\"alignnone size-full wp-image-5898\" src=\"\/wp-content\/uploads\/Imagenes_general\/nuevo_color.png\" alt=\"\" width=\"28\" height=\"28\" \/> \u00a0 <img decoding=\"async\" class=\"alignnone size-full wp-image-5897\" src=\"\/wp-content\/uploads\/Imagenes_general\/logo_cpa10.png\" alt=\"\" width=\"58\" height=\"57\" \/><\/p>\n\n<\/div>\n<div align=\"left\">\n<div align=\"left\">\n<p class=\"style25mop\" style=\"text-align: left;\" align=\"right\">They ensure <strong>complete hygiene<\/strong> in the production processes of industries such as:<\/p>\n<em>\u2022 Food Industry<br>\n\u2022 Pharmaceutical Industry<br>\n\u2022 Industrial Dining Rooms<br>\n\u2022 Hospitals<br>\n\u2022 Nurseries<br>\n\u2022 Restaurants<br>\n\u2022 Laboratories<\/em>\n\n<\/div>\n<\/div>\t\t\t\t\t\t<\/div>\n\t\t\t\t<\/div>\n\t\t\t\t\t<\/div>\n\t\t<\/div>\n\t\t\t\t\t<\/div>\n\t\t<\/section>\n\t\t\t\t<section class=\"elementor-section elementor-top-section elementor-element elementor-element-3581d18 elementor-section-boxed elementor-section-height-default elementor-section-height-default\" data-id=\"3581d18\" data-element_type=\"section\">\n\t\t\t\t\t\t<div class=\"elementor-container elementor-column-gap-default\">\n\t\t\t\t\t<div class=\"elementor-column elementor-col-100 elementor-top-column elementor-element elementor-element-a2c2197\" data-id=\"a2c2197\" data-element_type=\"column\">\n\t\t\t<div class=\"elementor-widget-wrap elementor-element-populated\">\n\t\t\t\t\t\t<div class=\"elementor-element elementor-element-7b897b4 elementor-widget elementor-widget-video\" data-id=\"7b897b4\" data-element_type=\"widget\" data-settings=\"{&quot;youtube_url&quot;:&quot;https:\\\/\\\/www.youtube.com\\\/watch?v=QzS6-jeInCQ&quot;,&quot;video_type&quot;:&quot;youtube&quot;,&quot;controls&quot;:&quot;yes&quot;}\" data-widget_type=\"video.default\">\n\t\t\t\t<div class=\"elementor-widget-container\">\n\t\t\t\t\t<div class=\"elementor-wrapper elementor-open-inline\">\n\t\t\t<div class=\"elementor-video\"><\/div>\t\t<\/div>\n\t\t\t\t<\/div>\n\t\t\t\t<\/div>\n\t\t\t\t\t<\/div>\n\t\t<\/div>\n\t\t\t\t\t<\/div>\n\t\t<\/section>\n\t\t\t\t<\/div>","protected":false},"excerpt":{"rendered":"<p>Herramientas de limpieza con codificaci\u00f3n por \u00e1reas (CPA) HIGIENE DE ALTO GRADO. La codificaci\u00f3n por \u00e1reas (CPA) es un sistema ampliamente utilizado en Estados Unidos de Norteam\u00e9rica y Europa que designa ciertas herramientas y procesos de limpieza con un esquema consistente de colores, separando el equipo, los materiales y los procedimientos para prevenir la contaminaci\u00f3n [&hellip;]<\/p>","protected":false},"author":2,"featured_media":0,"parent":0,"menu_order":0,"comment_status":"closed","ping_status":"closed","template":"","meta":{"site-sidebar-layout":"default","site-content-layout":"","ast-site-content-layout":"","site-content-style":"default","site-sidebar-style":"default","ast-global-header-display":"","ast-banner-title-visibility":"","ast-main-header-display":"","ast-hfb-above-header-display":"","ast-hfb-below-header-display":"","ast-hfb-mobile-header-display":"","site-post-title":"","ast-breadcrumbs-content":"","ast-featured-img":"","footer-sml-layout":"","theme-transparent-header-meta":"","adv-header-id-meta":"","stick-header-meta":"","header-above-stick-meta":"","header-main-stick-meta":"","header-below-stick-meta":"","astra-migrate-meta-layouts":"default","ast-page-background-enabled":"default","ast-page-background-meta":{"desktop":{"background-color":"","background-image":"","background-repeat":"repeat","background-position":"center center","background-size":"auto","background-attachment":"scroll","background-type":"","background-media":"","overlay-type":"","overlay-color":"","overlay-opacity":"","overlay-gradient":""},"tablet":{"background-color":"","background-image":"","background-repeat":"repeat","background-position":"center center","background-size":"auto","background-attachment":"scroll","background-type":"","background-media":"","overlay-type":"","overlay-color":"","overlay-opacity":"","overlay-gradient":""},"mobile":{"background-color":"","background-image":"","background-repeat":"repeat","background-position":"center center","background-size":"auto","background-attachment":"scroll","background-type":"","background-media":"","overlay-type":"","overlay-color":"","overlay-opacity":"","overlay-gradient":""}},"ast-content-background-meta":{"desktop":{"background-color":"var(--ast-global-color-5)","background-image":"","background-repeat":"repeat","background-position":"center center","background-size":"auto","background-attachment":"scroll","background-type":"","background-media":"","overlay-type":"","overlay-color":"","overlay-opacity":"","overlay-gradient":""},"tablet":{"background-color":"var(--ast-global-color-5)","background-image":"","background-repeat":"repeat","background-position":"center center","background-size":"auto","background-attachment":"scroll","background-type":"","background-media":"","overlay-type":"","overlay-color":"","overlay-opacity":"","overlay-gradient":""},"mobile":{"background-color":"var(--ast-global-color-5)","background-image":"","background-repeat":"repeat","background-position":"center center","background-size":"auto","background-attachment":"scroll","background-type":"","background-media":"","overlay-type":"","overlay-color":"","overlay-opacity":"","overlay-gradient":""}},"footnotes":""},"class_list":["post-2019","page","type-page","status-publish","hentry"],"_links":{"self":[{"href":"https:\/\/cepilloselcastor.com\/en\/wp-json\/wp\/v2\/pages\/2019"}],"collection":[{"href":"https:\/\/cepilloselcastor.com\/en\/wp-json\/wp\/v2\/pages"}],"about":[{"href":"https:\/\/cepilloselcastor.com\/en\/wp-json\/wp\/v2\/types\/page"}],"author":[{"embeddable":true,"href":"https:\/\/cepilloselcastor.com\/en\/wp-json\/wp\/v2\/users\/2"}],"replies":[{"embeddable":true,"href":"https:\/\/cepilloselcastor.com\/en\/wp-json\/wp\/v2\/comments?post=2019"}],"version-history":[{"count":123,"href":"https:\/\/cepilloselcastor.com\/en\/wp-json\/wp\/v2\/pages\/2019\/revisions"}],"predecessor-version":[{"id":15212,"href":"https:\/\/cepilloselcastor.com\/en\/wp-json\/wp\/v2\/pages\/2019\/revisions\/15212"}],"wp:attachment":[{"href":"https:\/\/cepilloselcastor.com\/en\/wp-json\/wp\/v2\/media?parent=2019"}],"curies":[{"name":"wp","href":"https:\/\/api.w.org\/{rel}","templated":true}]}}