{"id":5520,"date":"2020-02-27T23:40:34","date_gmt":"2020-02-27T23:40:34","guid":{"rendered":"http:\/\/172.20.3.30\/?page_id=5520"},"modified":"2022-05-31T09:30:35","modified_gmt":"2022-05-31T14:30:35","slug":"rastrear","status":"publish","type":"page","link":"https:\/\/cepilloselcastor.com\/en\/rastrear\/","title":{"rendered":"Track"},"content":{"rendered":"<div data-elementor-type=\"wp-page\" data-elementor-id=\"5520\" class=\"elementor elementor-5520\">\n\t\t\t\t\t\t<section class=\"elementor-section elementor-top-section elementor-element elementor-element-53eeef1 elementor-section-height-min-height elementor-section-boxed elementor-section-height-default elementor-section-items-middle\" data-id=\"53eeef1\" data-element_type=\"section\" data-settings=\"{&quot;background_background&quot;:&quot;classic&quot;}\">\n\t\t\t\t\t\t<div class=\"elementor-container elementor-column-gap-default\">\n\t\t\t\t\t<div class=\"elementor-column elementor-col-100 elementor-top-column elementor-element elementor-element-3d9afe7\" data-id=\"3d9afe7\" data-element_type=\"column\">\n\t\t\t<div class=\"elementor-widget-wrap elementor-element-populated\">\n\t\t\t\t\t\t<div class=\"elementor-element elementor-element-ebacb42 elementor-invisible elementor-widget elementor-widget-heading\" data-id=\"ebacb42\" data-element_type=\"widget\" data-settings=\"{&quot;_animation&quot;:&quot;fadeIn&quot;}\" data-widget_type=\"heading.default\">\n\t\t\t\t<div class=\"elementor-widget-container\">\n\t\t\t<h2 class=\"elementor-heading-title elementor-size-default\">TRACK ORDER<\/h2>\t\t<\/div>\n\t\t\t\t<\/div>\n\t\t\t\t\t<\/div>\n\t\t<\/div>\n\t\t\t\t\t<\/div>\n\t\t<\/section>\n\t\t\t\t<section class=\"elementor-section elementor-top-section elementor-element elementor-element-2f68b20 elementor-section-boxed elementor-section-height-default elementor-section-height-default\" data-id=\"2f68b20\" data-element_type=\"section\">\n\t\t\t\t\t\t<div class=\"elementor-container elementor-column-gap-default\">\n\t\t\t\t\t<div class=\"elementor-column elementor-col-100 elementor-top-column elementor-element elementor-element-13b4f5f\" data-id=\"13b4f5f\" data-element_type=\"column\">\n\t\t\t<div class=\"elementor-widget-wrap elementor-element-populated\">\n\t\t\t\t\t\t<div class=\"elementor-element elementor-element-d69d3bd elementor-widget elementor-widget-text-editor\" data-id=\"d69d3bd\" data-element_type=\"widget\" data-widget_type=\"text-editor.default\">\n\t\t\t\t<div class=\"elementor-widget-container\">\n\t\t\t\t\t\t\t<span style=\"color: #737373; font-size: 16px;\">We put at your disposal the most effective way to know the status of your order.<\/span>\n<span style=\"color: #737373; font-size: 16px;\">To consult your order, just enter <span class=\"ILfuVd\" style=\"color: #737373; font-size: 16px;\"><span class=\"e24Kjd\" style=\"color: #737373; font-size: 16px;\">your <strong>client number <\/strong>and <strong>order number, <\/strong>which you will find in your <strong>order note <\/strong><\/span><\/span><\/span>\n<div class=\"tooltip123\"><img decoding=\"async\" class=\"alignnone wp-image-5531\" src=\"\/wp-content\/uploads\/Imagenes_general\/Rastrear\/questionmark1.png\" alt=\"\" width=\"18\" height=\"18\" \/>\n<span class=\"tooltiptext123\"><img decoding=\"async\" class=\"alignnone size-medium wp-image-5530\" src=\"\/wp-content\/uploads\/Imagenes_general\/Rastrear\/Sin-titulo-e1572535812945-300x85.png\" alt=\"\" width=\"300\" height=\"85\" srcset=\"https:\/\/cepilloselcastor.com\/wp-content\/uploads\/Imagenes_general\/Rastrear\/Sin-titulo-e1572535812945-300x85.png 300w, https:\/\/cepilloselcastor.com\/wp-content\/uploads\/Imagenes_general\/Rastrear\/Sin-titulo-e1572535812945-265x75.png 265w, https:\/\/cepilloselcastor.com\/wp-content\/uploads\/Imagenes_general\/Rastrear\/Sin-titulo-e1572535812945-504x143.png 504w, https:\/\/cepilloselcastor.com\/wp-content\/uploads\/Imagenes_general\/Rastrear\/Sin-titulo-e1572535812945.png 577w\" sizes=\"(max-width: 300px) 100vw, 300px\" \/><\/span><\/div>\n,\n<span style=\"color: #737373; font-size: 16px;\">related to the order you want to track.<\/span>\t\t\t\t\t\t<\/div>\n\t\t\t\t<\/div>\n\t\t\t\t\t<\/div>\n\t\t<\/div>\n\t\t\t\t\t<\/div>\n\t\t<\/section>\n\t\t\t\t<section class=\"elementor-section elementor-top-section elementor-element elementor-element-f923c7d elementor-section-height-min-height elementor-section-boxed elementor-section-height-default elementor-section-items-middle\" data-id=\"f923c7d\" data-element_type=\"section\" data-settings=\"{&quot;background_background&quot;:&quot;classic&quot;}\">\n\t\t\t\t\t\t<div class=\"elementor-container elementor-column-gap-default\">\n\t\t\t\t\t<div class=\"elementor-column elementor-col-50 elementor-top-column elementor-element elementor-element-487e846\" data-id=\"487e846\" data-element_type=\"column\" data-settings=\"{&quot;background_background&quot;:&quot;classic&quot;}\">\n\t\t\t<div class=\"elementor-widget-wrap elementor-element-populated\">\n\t\t\t\t\t\t<div class=\"elementor-element elementor-element-33159c0 elementor-widget elementor-widget-text-editor\" data-id=\"33159c0\" data-element_type=\"widget\" data-widget_type=\"text-editor.default\">\n\t\t\t\t<div class=\"elementor-widget-container\">\n\t\t\t\t\t\t\t<p><code><style type='text\/css'>h3.ewd-otp-main-title { color:#000000 !important;}\n.ewd-otp-order-label, .ewd-otp-status-label div { color:#000000;}\n.ewd-otp-order-content div, .ewd-otp-status-label-content div { color:#e7e7e7;}\n.ewd-otp-submit { color:#e7e7e7 !important;}\n.ewd-otp-order-content div { color: #402121; } .ewd-otp-status-label-content div { color: #402121; } .ewd-otp-order-label, .ewd-otp-status-label div{ color: #fff; background-color: #848484;} code { font-family: \\\\\\\\\\\\\\\\\\\\\\\\\\\\\\\\\\\\\\\\\\\\\\\\\\\\\\\\\\\\\\'Open Sans\\\\\\\\\\\\\\\\\\\\\\\\\\\\\\\\\\\\\\\\\\\\\\\\\\\\\\\\\\\\\\',sans-serif; } #ewd-otp-initial-status { line-height: normal; } .menu-toggle, button, .ast-button, .button, input#submit, input[type=\\\\\\\\\\\\\\\\\\\\\\\\\\\\\\\\\\\\\\\\\\\\\\\\\\\\\\\\\\\\\\\"button\\\\\\\\\\\\\\\\\\\\\\\\\\\\\\\\\\\\\\\\\\\\\\\\\\\\\\\\\\\\\\\"], input[type=\\\\\\\\\\\\\\\\\\\\\\\\\\\\\\\\\\\\\\\\\\\\\\\\\\\\\\\\\\\\\\\"submit\\\\\\\\\\\\\\\\\\\\\\\\\\\\\\\\\\\\\\\\\\\\\\\\\\\\\\\\\\\\\\\"], input[type=\\\\\\\\\\\\\\\\\\\\\\\\\\\\\\\\\\\\\\\\\\\\\\\\\\\\\\\\\\\\\\\"reset\\\\\\\\\\\\\\\\\\\\\\\\\\\\\\\\\\\\\\\\\\\\\\\\\\\\\\\\\\\\\\\"] { border-radius: 2px; padding: 10px 40px; color: #fff; border-color: #ffffff; background-color: #074085; } .menu-toggle:hover, button:hover, .ast-button:hover, .button:hover, input#submit, input[type=\\\\\\\\\\\\\\\\\\\\\\\\\\\\\\\\\\\\\\\\\\\\\\\\\\\\\\\\\\\\\\\"button\\\\\\\\\\\\\\\\\\\\\\\\\\\\\\\\\\\\\\\\\\\\\\\\\\\\\\\\\\\\\\\"]:hover, input[type=\\\\\\\\\\\\\\\\\\\\\\\\\\\\\\\\\\\\\\\\\\\\\\\\\\\\\\\\\\\\\\\"submit\u201d]:hover, input[type=\\\\\\\\\\\\\\\\\\\\\\\\\\\\\\\\\\\\\\\\\\\\\\\\\\\\\\\\\\\\\\\"reset\\\\\\\\\\\\\\\\\\\\\\\\\\\\\\\\\\\\\\\\\\\\\\\\\\\\\\\\\\\\\\\"]:hover { background-image:none; background-color: #6196C5; color: #fff; } #ewd-otp-ending-status { line-height: normal; } #ewd-otp-status-header{ background: #074085 none no-repeat scroll 0 0; text-align: center; color: #fff; } .pure-u-1-5 { width: 60%; background: #dbdbdb none no-repeat scroll 0 0; text-align: center; } #ewd-otp-order-1-label{ background: #77AADD none no-repeat scroll 0 0; line-height: 1.2; } #ewd-otp-order-1 { background: #77AADD none no-repeat scroll 0 0; } #text{ color:#ffffff; } #ewd-otp-order-1 { font-size: 120%; line-height: 45px; } img { max-width: 120%; }<\/style><div class='ewd-otp-tracking-results pure-g'><div class='pure-u-1'><h3 class='ewd-otp-main-title'>Order Information<\/h3><\/div><div class='ewd-otp-ajax-results'><\/div><\/div><div id='ewd-otp-tracking-form-div' class='mt-12'><h3>\u00a0<\/h3><div class='ewd-otp-message mb-6'>\u00a0<\/div><form action='https:\/\/cepilloselcastor.com\/en\/wp-json\/wp\/v2\/pages\/5520' method='post' id='ewd-otp-tracking-form' class='pure-form pure-form-aligned ewd-otp-tracking-form ewd-otp-ajax-form' data-trp-original-action=\"#\"><input type='hidden' name='ewd-otp-action' value='track' \/><input type='hidden' id='ewd-otp-field-labels' name='field-labels' value='' \/><div class='pure-control-group'><label for='Order_Number' id='ewd-otp-order-number-div' class='ewd-otp-field-label ewd-otp-bold'>Order Number: <\/label><input type='text' class='ewd-otp-text-input' id='ewd-otp-tracking-number' name='Tracking_Number' placeholder='Order...'><\/div><div class='pure-control-group'><label for='Order_Email' id='ewd-otp-order-number-div' class='ewd-otp-field-label ewd-otp-bold'>Client Number: <\/label><input type='text' class='ewd-otp-text-input' id='ewd-otp-email' name='Order_Email' placeholder='Client...'><\/div><div class='pure-control-group'><label for='Submit'><\/label><input type='submit' class='ewd-otp-submit pure-button pure-button-primary' name='Login_Submit' value='Track'><\/div><input type=\"hidden\" name=\"trp-form-language\" value=\"en\"\/><\/form><\/div><\/code><\/p>\t\t\t\t\t\t<\/div>\n\t\t\t\t<\/div>\n\t\t\t\t\t<\/div>\n\t\t<\/div>\n\t\t\t\t<div class=\"elementor-column elementor-col-50 elementor-top-column elementor-element elementor-element-214f7be\" data-id=\"214f7be\" data-element_type=\"column\" data-settings=\"{&quot;background_background&quot;:&quot;classic&quot;}\">\n\t\t\t<div class=\"elementor-widget-wrap elementor-element-populated\">\n\t\t\t\t\t\t<div class=\"elementor-element elementor-element-9804097 elementor-widget elementor-widget-image\" data-id=\"9804097\" data-element_type=\"widget\" data-widget_type=\"image.default\">\n\t\t\t\t<div class=\"elementor-widget-container\">\n\t\t\t\t\t\t\t\t\t\t\t\t\t<img fetchpriority=\"high\" decoding=\"async\" width=\"358\" height=\"234\" src=\"https:\/\/cepilloselcastor.com\/wp-content\/uploads\/Imagenes_general\/Rastrear\/HiginioBg-e1600353330761.png\" class=\"attachment-large size-large wp-image-5528\" alt=\"\" srcset=\"https:\/\/cepilloselcastor.com\/wp-content\/uploads\/Imagenes_general\/Rastrear\/HiginioBg-e1600353330761.png 358w, https:\/\/cepilloselcastor.com\/wp-content\/uploads\/Imagenes_general\/Rastrear\/HiginioBg-e1600353330761-265x173.png 265w, https:\/\/cepilloselcastor.com\/wp-content\/uploads\/Imagenes_general\/Rastrear\/HiginioBg-e1600353330761-300x196.png 300w\" sizes=\"(max-width: 358px) 100vw, 358px\" \/>\t\t\t\t\t\t\t\t\t\t\t\t\t<\/div>\n\t\t\t\t<\/div>\n\t\t\t\t\t<\/div>\n\t\t<\/div>\n\t\t\t\t\t<\/div>\n\t\t<\/section>\n\t\t\t\t<\/div>","protected":false},"excerpt":{"rendered":"<p>RASTREAR PEDIDO Ponemos a su disposici\u00f3n la manera m\u00e1s eficaz de conocer el estatus de su pedido. Para realizar la consulta de su pedido, \u00fanicamente ingrese su n\u00famero de cliente y n\u00famero de remisi\u00f3n, los cuales encontrar\u00e1 en su nota de remisi\u00f3n , relacionada con el pedido que desea rastrear.<\/p>","protected":false},"author":2,"featured_media":0,"parent":0,"menu_order":0,"comment_status":"closed","ping_status":"closed","template":"","meta":{"site-sidebar-layout":"default","site-content-layout":"default","ast-site-content-layout":"","site-content-style":"default","site-sidebar-style":"default","ast-global-header-display":"","ast-banner-title-visibility":"","ast-main-header-display":"","ast-hfb-above-header-display":"","ast-hfb-below-header-display":"","ast-hfb-mobile-header-display":"","site-post-title":"","ast-breadcrumbs-content":"","ast-featured-img":"","footer-sml-layout":"","theme-transparent-header-meta":"default","adv-header-id-meta":"","stick-header-meta":"","header-above-stick-meta":"","header-main-stick-meta":"","header-below-stick-meta":"","astra-migrate-meta-layouts":"default","ast-page-background-enabled":"default","ast-page-background-meta":{"desktop":{"background-color":"","background-image":"","background-repeat":"repeat","background-position":"center center","background-size":"auto","background-attachment":"scroll","background-type":"","background-media":"","overlay-type":"","overlay-color":"","overlay-opacity":"","overlay-gradient":""},"tablet":{"background-color":"","background-image":"","background-repeat":"repeat","background-position":"center center","background-size":"auto","background-attachment":"scroll","background-type":"","background-media":"","overlay-type":"","overlay-color":"","overlay-opacity":"","overlay-gradient":""},"mobile":{"background-color":"","background-image":"","background-repeat":"repeat","background-position":"center center","background-size":"auto","background-attachment":"scroll","background-type":"","background-media":"","overlay-type":"","overlay-color":"","overlay-opacity":"","overlay-gradient":""}},"ast-content-background-meta":{"desktop":{"background-color":"var(--ast-global-color-5)","background-image":"","background-repeat":"repeat","background-position":"center center","background-size":"auto","background-attachment":"scroll","background-type":"","background-media":"","overlay-type":"","overlay-color":"","overlay-opacity":"","overlay-gradient":""},"tablet":{"background-color":"var(--ast-global-color-5)","background-image":"","background-repeat":"repeat","background-position":"center center","background-size":"auto","background-attachment":"scroll","background-type":"","background-media":"","overlay-type":"","overlay-color":"","overlay-opacity":"","overlay-gradient":""},"mobile":{"background-color":"var(--ast-global-color-5)","background-image":"","background-repeat":"repeat","background-position":"center center","background-size":"auto","background-attachment":"scroll","background-type":"","background-media":"","overlay-type":"","overlay-color":"","overlay-opacity":"","overlay-gradient":""}},"footnotes":""},"class_list":["post-5520","page","type-page","status-publish","hentry"],"_links":{"self":[{"href":"https:\/\/cepilloselcastor.com\/en\/wp-json\/wp\/v2\/pages\/5520"}],"collection":[{"href":"https:\/\/cepilloselcastor.com\/en\/wp-json\/wp\/v2\/pages"}],"about":[{"href":"https:\/\/cepilloselcastor.com\/en\/wp-json\/wp\/v2\/types\/page"}],"author":[{"embeddable":true,"href":"https:\/\/cepilloselcastor.com\/en\/wp-json\/wp\/v2\/users\/2"}],"replies":[{"embeddable":true,"href":"https:\/\/cepilloselcastor.com\/en\/wp-json\/wp\/v2\/comments?post=5520"}],"version-history":[{"count":170,"href":"https:\/\/cepilloselcastor.com\/en\/wp-json\/wp\/v2\/pages\/5520\/revisions"}],"predecessor-version":[{"id":16767,"href":"https:\/\/cepilloselcastor.com\/en\/wp-json\/wp\/v2\/pages\/5520\/revisions\/16767"}],"wp:attachment":[{"href":"https:\/\/cepilloselcastor.com\/en\/wp-json\/wp\/v2\/media?parent=5520"}],"curies":[{"name":"wp","href":"https:\/\/api.w.org\/{rel}","templated":true}]}}